{"id":2006,"date":"2026-02-18T08:10:43","date_gmt":"2026-02-18T08:10:43","guid":{"rendered":"https:\/\/winetechscan.it\/?page_id=2006"},"modified":"2026-02-18T08:25:21","modified_gmt":"2026-02-18T08:25:21","slug":"valpolicella-classico-doc-biologisch","status":"publish","type":"page","link":"https:\/\/winetechscan.it\/de\/valpolicella-classico-doc-biologisch\/","title":{"rendered":"23 &#8211; Valpolicella Classico doc biologisch"},"content":{"rendered":"\t\t<div data-elementor-type=\"wp-page\" data-elementor-id=\"2006\" class=\"elementor elementor-2006\">\n\t\t\t\t<div class=\"elementor-element elementor-element-5be348ee e-flex e-con-boxed e-con e-parent\" data-id=\"5be348ee\" data-element_type=\"container\" data-settings=\"{&quot;content_width&quot;:&quot;boxed&quot;}\" data-core-v316-plus=\"true\">\n\t\t\t\t\t<div class=\"e-con-inner\">\n\t\t\t\t<div class=\"elementor-element elementor-element-1ece3937 elementor-widget elementor-widget-heading\" data-id=\"1ece3937\" data-element_type=\"widget\" data-widget_type=\"heading.default\">\n\t\t\t\t<div class=\"elementor-widget-container\">\n\t\t\t<style>\/*! elementor - v3.19.0 - 29-01-2024 *\/\n.elementor-heading-title{padding:0;margin:0;line-height:1}.elementor-widget-heading .elementor-heading-title[class*=elementor-size-]>a{color:inherit;font-size:inherit;line-height:inherit}.elementor-widget-heading .elementor-heading-title.elementor-size-small{font-size:15px}.elementor-widget-heading .elementor-heading-title.elementor-size-medium{font-size:19px}.elementor-widget-heading .elementor-heading-title.elementor-size-large{font-size:29px}.elementor-widget-heading .elementor-heading-title.elementor-size-xl{font-size:39px}.elementor-widget-heading .elementor-heading-title.elementor-size-xxl{font-size:59px}<\/style><h1 class=\"elementor-heading-title elementor-size-default\">Valpolicella classico doc biologisch<\/h1>\t\t<\/div>\n\t\t\t\t<\/div>\n\t\t\t\t\t<\/div>\n\t\t\t\t<\/div>\n\t\t<div class=\"elementor-element elementor-element-1f44b5a0 e-flex e-con-boxed e-con e-parent\" data-id=\"1f44b5a0\" data-element_type=\"container\" data-settings=\"{&quot;content_width&quot;:&quot;boxed&quot;}\" data-core-v316-plus=\"true\">\n\t\t\t\t\t<div class=\"e-con-inner\">\n\t\t<div class=\"elementor-element elementor-element-07fd2b8 e-flex e-con-boxed e-con e-child\" data-id=\"07fd2b8\" data-element_type=\"container\" data-settings=\"{&quot;content_width&quot;:&quot;boxed&quot;}\">\n\t\t\t\t\t<div class=\"e-con-inner\">\n\t\t<div class=\"elementor-element elementor-element-ee1de37 e-con-full e-flex e-con e-child\" data-id=\"ee1de37\" data-element_type=\"container\" data-settings=\"{&quot;content_width&quot;:&quot;full&quot;}\">\n\t\t\t\t<div class=\"elementor-element elementor-element-25be037 elementor-hidden-mobile elementor-widget elementor-widget-heading\" data-id=\"25be037\" data-element_type=\"widget\" data-widget_type=\"heading.default\">\n\t\t\t\t<div class=\"elementor-widget-container\">\n\t\t\t<h2 class=\"elementor-heading-title elementor-size-default\">N\u00e4hrwertangaben pro 100 ml<\/h2>\t\t<\/div>\n\t\t\t\t<\/div>\n\t\t\t\t<div class=\"elementor-element elementor-element-effc346 elementor-hidden-desktop elementor-hidden-tablet elementor-widget elementor-widget-heading\" data-id=\"effc346\" data-element_type=\"widget\" data-widget_type=\"heading.default\">\n\t\t\t\t<div class=\"elementor-widget-container\">\n\t\t\t<h2 class=\"elementor-heading-title elementor-size-default\">N\u00e4hrwertangaben pro 100 ml<\/h2>\t\t<\/div>\n\t\t\t\t<\/div>\n\t\t\t\t<div class=\"elementor-element elementor-element-326f24a elementor-widget elementor-widget-html\" data-id=\"326f24a\" data-element_type=\"widget\" data-widget_type=\"html.default\">\n\t\t\t\t<div class=\"elementor-widget-container\">\n\t\t\t<table>\r\n    <tr><td>Energie (kJ\/kcal)<\/td><td class=\"valori\">308\/74<\/td><\/tr>\r\n    <tr><td>Fett (g)<br>davon ges\u00e4ttigte Fetts\u00e4uren (g)<\/td><td class=\"valori\">0<br>0<\/td><\/tr>\r\n    <tr><td>Kohlenhydrate (g)<br>davon Zucker<\/td><td class=\"valori\">1,2<br>0,6<\/td><\/tr>\r\n    <tr><td>Eiwei\u00df (g)<\/td><td class=\"valori\">0<\/td><\/tr>\r\n    <tr><td>Salz (g)<\/td><td class=\"valori\">0<\/td><\/tr>\r\n<\/table>\t\t<\/div>\n\t\t\t\t<\/div>\n\t\t\t\t<div class=\"elementor-element elementor-element-f2bc835 elementor-widget elementor-widget-text-editor\" data-id=\"f2bc835\" data-element_type=\"widget\" data-widget_type=\"text-editor.default\">\n\t\t\t\t<div class=\"elementor-widget-container\">\n\t\t\t<style>\/*! elementor - v3.19.0 - 29-01-2024 *\/\n.elementor-widget-text-editor.elementor-drop-cap-view-stacked .elementor-drop-cap{background-color:#69727d;color:#fff}.elementor-widget-text-editor.elementor-drop-cap-view-framed .elementor-drop-cap{color:#69727d;border:3px solid;background-color:transparent}.elementor-widget-text-editor:not(.elementor-drop-cap-view-default) .elementor-drop-cap{margin-top:8px}.elementor-widget-text-editor:not(.elementor-drop-cap-view-default) .elementor-drop-cap-letter{width:1em;height:1em}.elementor-widget-text-editor .elementor-drop-cap{float:left;text-align:center;line-height:1;font-size:50px}.elementor-widget-text-editor .elementor-drop-cap-letter{display:inline-block}<\/style>\t\t\t\t<p>ZUTATEN:<br data-start=\"449\" data-end=\"452\" \/>Biologische Trauben, konzentrierter Traubenmost,<br data-start=\"500\" data-end=\"503\" \/>Konservierungs- und Antioxidationsmittel: <strong>Schwefeldioxid<\/strong><\/p><p>In Schutzatmosph\u00e4re abgef\u00fcllt<\/p>\t\t\t\t\t\t<\/div>\n\t\t\t\t<\/div>\n\t\t\t\t<\/div>\n\t\t<div class=\"elementor-element elementor-element-9aa23bd e-con-full e-flex e-con e-child\" data-id=\"9aa23bd\" data-element_type=\"container\" data-settings=\"{&quot;content_width&quot;:&quot;full&quot;}\">\n\t\t\t\t<div class=\"elementor-element elementor-element-8ff352d elementor-hidden-mobile elementor-widget elementor-widget-heading\" data-id=\"8ff352d\" data-element_type=\"widget\" data-widget_type=\"heading.default\">\n\t\t\t\t<div class=\"elementor-widget-container\">\n\t\t\t<h2 class=\"elementor-heading-title elementor-size-default\">Anweisungen f\u00fcr die Sammlung<\/h2>\t\t<\/div>\n\t\t\t\t<\/div>\n\t\t\t\t<div class=\"elementor-element elementor-element-07dea21 elementor-hidden-desktop elementor-hidden-tablet elementor-widget elementor-widget-heading\" data-id=\"07dea21\" data-element_type=\"widget\" data-widget_type=\"heading.default\">\n\t\t\t\t<div class=\"elementor-widget-container\">\n\t\t\t<h2 class=\"elementor-heading-title elementor-size-default\">Anweisungen f\u00fcr die Sammlung<\/h2>\t\t<\/div>\n\t\t\t\t<\/div>\n\t\t\t\t<div class=\"elementor-element elementor-element-b7f0698 elementor-widget elementor-widget-html\" data-id=\"b7f0698\" data-element_type=\"widget\" data-widget_type=\"html.default\">\n\t\t\t\t<div class=\"elementor-widget-container\">\n\t\t\t<table class=\"differenziata\">\n <tr class=\"title\"><td colspan=\"2\">FLASCHE<\/td><\/tr>\n <tr><td>GL71<\/td><td class=\"valori\">Glas<\/td><\/tr>\n<\/table>\t\t<\/div>\n\t\t\t\t<\/div>\n\t\t\t\t<div class=\"elementor-element elementor-element-61a4057 elementor-widget elementor-widget-html\" data-id=\"61a4057\" data-element_type=\"widget\" data-widget_type=\"html.default\">\n\t\t\t\t<div class=\"elementor-widget-container\">\n\t\t\t<table class=\"differenziata\">\n  <tr class=\"title\"><td colspan=\"2\">VERSCHLUSS<\/td><\/tr>\n  <tr><td>FOR51<\/td><td class=\"valori\">cork<\/td><\/tr>\n<\/table>\t\t<\/div>\n\t\t\t\t<\/div>\n\t\t\t\t<div class=\"elementor-element elementor-element-fe9cff6 elementor-widget elementor-widget-html\" data-id=\"fe9cff6\" data-element_type=\"widget\" data-widget_type=\"html.default\">\n\t\t\t\t<div class=\"elementor-widget-container\">\n\t\t\t<table class=\"differenziata\">\n <tr class=\"title\"><td colspan=\"2\">DICHTUNG<\/td><\/tr>\n <tr><td>C\/PVC90<\/td><td class=\"valori\">PVC\/Aluminium<\/td><\/tr>\n<\/table>\t\t<\/div>\n\t\t\t\t<\/div>\n\t\t\t\t<\/div>\n\t\t\t\t\t<\/div>\n\t\t\t\t<\/div>\n\t\t\t\t\t<\/div>\n\t\t\t\t<\/div>\n\t\t<div class=\"elementor-element elementor-element-4884e98 e-flex e-con-boxed e-con e-parent\" data-id=\"4884e98\" data-element_type=\"container\" data-settings=\"{&quot;content_width&quot;:&quot;boxed&quot;}\" data-core-v316-plus=\"true\">\n\t\t\t\t\t<div class=\"e-con-inner\">\n\t\t<div class=\"elementor-element elementor-element-76d2ea4 e-flex e-con-boxed e-con e-child\" data-id=\"76d2ea4\" data-element_type=\"container\" data-settings=\"{&quot;content_width&quot;:&quot;boxed&quot;}\">\n\t\t\t\t\t<div class=\"e-con-inner\">\n\t\t\t\t<div class=\"elementor-element elementor-element-7ebdfe6 elementor-widget elementor-widget-heading\" data-id=\"7ebdfe6\" data-element_type=\"widget\" data-widget_type=\"heading.default\">\n\t\t\t\t<div class=\"elementor-widget-container\">\n\t\t\t<p class=\"elementor-heading-title elementor-size-default\">Bitte beachten Sie die von der Gemeindeverwaltung aufgestellten Richtlinien.<\/p>\t\t<\/div>\n\t\t\t\t<\/div>\n\t\t\t\t\t<\/div>\n\t\t\t\t<\/div>\n\t\t\t\t\t<\/div>\n\t\t\t\t<\/div>\n\t\t\t\t<\/div>\n\t\t","protected":false},"excerpt":{"rendered":"<p>Valpolicella classico doc biologisch N\u00e4hrwertangaben pro 100 ml N\u00e4hrwertangaben pro 100 ml Energie (kJ\/kcal) 308\/74 Fett (g)davon ges\u00e4ttigte Fetts\u00e4uren (g) 00 Kohlenhydrate (g)davon Zucker 1,20,6 Eiwei\u00df (g) 0 Salz (g) 0 ZUTATEN:Biologische Trauben, konzentrierter Traubenmost,Konservierungs- und Antioxidationsmittel: Schwefeldioxid In Schutzatmosph\u00e4re abgef\u00fcllt Anweisungen f\u00fcr die Sammlung Anweisungen f\u00fcr die Sammlung FLASCHE GL71 Glas VERSCHLUSS FOR51 cork [&hellip;]<\/p>\n","protected":false},"author":1,"featured_media":0,"parent":0,"menu_order":0,"comment_status":"closed","ping_status":"closed","template":"","meta":{"footnotes":""},"class_list":["post-2006","page","type-page","status-publish","hentry"],"_links":{"self":[{"href":"https:\/\/winetechscan.it\/de\/wp-json\/wp\/v2\/pages\/2006","targetHints":{"allow":["GET"]}}],"collection":[{"href":"https:\/\/winetechscan.it\/de\/wp-json\/wp\/v2\/pages"}],"about":[{"href":"https:\/\/winetechscan.it\/de\/wp-json\/wp\/v2\/types\/page"}],"author":[{"embeddable":true,"href":"https:\/\/winetechscan.it\/de\/wp-json\/wp\/v2\/users\/1"}],"replies":[{"embeddable":true,"href":"https:\/\/winetechscan.it\/de\/wp-json\/wp\/v2\/comments?post=2006"}],"version-history":[{"count":8,"href":"https:\/\/winetechscan.it\/de\/wp-json\/wp\/v2\/pages\/2006\/revisions"}],"predecessor-version":[{"id":2037,"href":"https:\/\/winetechscan.it\/de\/wp-json\/wp\/v2\/pages\/2006\/revisions\/2037"}],"wp:attachment":[{"href":"https:\/\/winetechscan.it\/de\/wp-json\/wp\/v2\/media?parent=2006"}],"curies":[{"name":"wp","href":"https:\/\/api.w.org\/{rel}","templated":true}]}}