{"id":2015,"date":"2026-02-18T08:26:53","date_gmt":"2026-02-18T08:26:53","guid":{"rendered":"https:\/\/winetechscan.it\/?page_id=2015"},"modified":"2026-02-18T08:44:16","modified_gmt":"2026-02-18T08:44:16","slug":"valpolicella-ripasso-classico-superiore-doc-biologico","status":"publish","type":"page","link":"https:\/\/winetechscan.it\/de\/valpolicella-ripasso-classico-superiore-doc-biologico\/","title":{"rendered":"24 &#8211; Valpolicella Ripasso Classico Superiore doc biologisch"},"content":{"rendered":"\t\t<div data-elementor-type=\"wp-page\" data-elementor-id=\"2015\" class=\"elementor elementor-2015\">\n\t\t\t\t<div class=\"elementor-element elementor-element-706400d5 e-flex e-con-boxed e-con e-parent\" data-id=\"706400d5\" data-element_type=\"container\" data-settings=\"{&quot;content_width&quot;:&quot;boxed&quot;}\" data-core-v316-plus=\"true\">\n\t\t\t\t\t<div class=\"e-con-inner\">\n\t\t\t\t<div class=\"elementor-element elementor-element-7d8323b5 elementor-widget elementor-widget-heading\" data-id=\"7d8323b5\" data-element_type=\"widget\" data-widget_type=\"heading.default\">\n\t\t\t\t<div class=\"elementor-widget-container\">\n\t\t\t<style>\/*! elementor - v3.19.0 - 29-01-2024 *\/\n.elementor-heading-title{padding:0;margin:0;line-height:1}.elementor-widget-heading .elementor-heading-title[class*=elementor-size-]>a{color:inherit;font-size:inherit;line-height:inherit}.elementor-widget-heading .elementor-heading-title.elementor-size-small{font-size:15px}.elementor-widget-heading .elementor-heading-title.elementor-size-medium{font-size:19px}.elementor-widget-heading .elementor-heading-title.elementor-size-large{font-size:29px}.elementor-widget-heading .elementor-heading-title.elementor-size-xl{font-size:39px}.elementor-widget-heading .elementor-heading-title.elementor-size-xxl{font-size:59px}<\/style><h1 class=\"elementor-heading-title elementor-size-default\">Valpolicella ripasso classico superiore doc Biologisch<\/h1>\t\t<\/div>\n\t\t\t\t<\/div>\n\t\t\t\t\t<\/div>\n\t\t\t\t<\/div>\n\t\t<div class=\"elementor-element elementor-element-5fdfb386 e-flex e-con-boxed e-con e-parent\" data-id=\"5fdfb386\" data-element_type=\"container\" data-settings=\"{&quot;content_width&quot;:&quot;boxed&quot;}\" data-core-v316-plus=\"true\">\n\t\t\t\t\t<div class=\"e-con-inner\">\n\t\t<div class=\"elementor-element elementor-element-510f5856 e-con-full e-flex e-con e-child\" data-id=\"510f5856\" data-element_type=\"container\" data-settings=\"{&quot;content_width&quot;:&quot;full&quot;}\">\n\t\t\t\t<div class=\"elementor-element elementor-element-2079aa03 elementor-hidden-mobile elementor-widget elementor-widget-heading\" data-id=\"2079aa03\" data-element_type=\"widget\" data-widget_type=\"heading.default\">\n\t\t\t\t<div class=\"elementor-widget-container\">\n\t\t\t<h2 class=\"elementor-heading-title elementor-size-default\">N\u00e4hrwertangaben pro 100 ml<\/h2>\t\t<\/div>\n\t\t\t\t<\/div>\n\t\t\t\t<div class=\"elementor-element elementor-element-1bde919 elementor-hidden-desktop elementor-hidden-tablet elementor-widget elementor-widget-heading\" data-id=\"1bde919\" data-element_type=\"widget\" data-widget_type=\"heading.default\">\n\t\t\t\t<div class=\"elementor-widget-container\">\n\t\t\t<h2 class=\"elementor-heading-title elementor-size-default\">N\u00e4hrwertangaben pro 100 ml<\/h2>\t\t<\/div>\n\t\t\t\t<\/div>\n\t\t\t\t<div class=\"elementor-element elementor-element-2e678f82 elementor-widget elementor-widget-html\" data-id=\"2e678f82\" data-element_type=\"widget\" data-widget_type=\"html.default\">\n\t\t\t\t<div class=\"elementor-widget-container\">\n\t\t\t<table>\r\n    <tr><td>Energie (kJ\/kcal)<\/td><td class=\"valori\">349\/84<\/td><\/tr>\r\n    <tr><td>Fett (g)<br>davon ges\u00e4ttigte Fetts\u00e4uren (g)<\/td><td class=\"valori\">0<br>0<\/td><\/tr>\r\n    <tr><td>Kohlenhydrate (g)<br>davon Zucker<\/td><td class=\"valori\">1,1<br>0,6<\/td><\/tr>\r\n    <tr><td>Eiwei\u00df (g)<\/td><td class=\"valori\">0<\/td><\/tr>\r\n    <tr><td>Salz (g)<\/td><td class=\"valori\">0<\/td><\/tr>\r\n<\/table>\r\n\t\t<\/div>\n\t\t\t\t<\/div>\n\t\t\t\t<div class=\"elementor-element elementor-element-398497f elementor-widget elementor-widget-text-editor\" data-id=\"398497f\" data-element_type=\"widget\" data-widget_type=\"text-editor.default\">\n\t\t\t\t<div class=\"elementor-widget-container\">\n\t\t\t<style>\/*! elementor - v3.19.0 - 29-01-2024 *\/\n.elementor-widget-text-editor.elementor-drop-cap-view-stacked .elementor-drop-cap{background-color:#69727d;color:#fff}.elementor-widget-text-editor.elementor-drop-cap-view-framed .elementor-drop-cap{color:#69727d;border:3px solid;background-color:transparent}.elementor-widget-text-editor:not(.elementor-drop-cap-view-default) .elementor-drop-cap{margin-top:8px}.elementor-widget-text-editor:not(.elementor-drop-cap-view-default) .elementor-drop-cap-letter{width:1em;height:1em}.elementor-widget-text-editor .elementor-drop-cap{float:left;text-align:center;line-height:1;font-size:50px}.elementor-widget-text-editor .elementor-drop-cap-letter{display:inline-block}<\/style>\t\t\t\t<p data-start=\"191\" data-end=\"319\">ZUTATEN:<br data-start=\"221\" data-end=\"224\" \/>Trauben biologisch, konzentrierter Traubenmost, Konservierungs- und Antioxidationsmittel: <strong>Schwefeldioxid<\/strong><\/p><p data-start=\"321\" data-end=\"350\" data-is-last-node=\"\" data-is-only-node=\"\">In Schutzatmosph\u00e4re abgef\u00fcllt<\/p>\t\t\t\t\t\t<\/div>\n\t\t\t\t<\/div>\n\t\t\t\t<\/div>\n\t\t<div class=\"elementor-element elementor-element-3856490a e-con-full e-flex e-con e-child\" data-id=\"3856490a\" data-element_type=\"container\" data-settings=\"{&quot;content_width&quot;:&quot;full&quot;}\">\n\t\t\t\t<div class=\"elementor-element elementor-element-2625aeeb elementor-hidden-mobile elementor-widget elementor-widget-heading\" data-id=\"2625aeeb\" data-element_type=\"widget\" data-widget_type=\"heading.default\">\n\t\t\t\t<div class=\"elementor-widget-container\">\n\t\t\t<h2 class=\"elementor-heading-title elementor-size-default\">Anweisungen f\u00fcr die Sammlung<\/h2>\t\t<\/div>\n\t\t\t\t<\/div>\n\t\t\t\t<div class=\"elementor-element elementor-element-290a3014 elementor-hidden-desktop elementor-hidden-tablet elementor-widget elementor-widget-heading\" data-id=\"290a3014\" data-element_type=\"widget\" data-widget_type=\"heading.default\">\n\t\t\t\t<div class=\"elementor-widget-container\">\n\t\t\t<h2 class=\"elementor-heading-title elementor-size-default\">Anweisungen f\u00fcr die Sammlung<\/h2>\t\t<\/div>\n\t\t\t\t<\/div>\n\t\t\t\t<div class=\"elementor-element elementor-element-160c2f1b elementor-widget elementor-widget-html\" data-id=\"160c2f1b\" data-element_type=\"widget\" data-widget_type=\"html.default\">\n\t\t\t\t<div class=\"elementor-widget-container\">\n\t\t\t<table class=\"differenziata\">\n <tr class=\"title\"><td colspan=\"2\">FLASCHE<\/td><\/tr>\n <tr><td>GL71<\/td><td class=\"valori\">Glas<\/td><\/tr>\n<\/table>\t\t<\/div>\n\t\t\t\t<\/div>\n\t\t\t\t<div class=\"elementor-element elementor-element-2f2c52a9 elementor-widget elementor-widget-html\" data-id=\"2f2c52a9\" data-element_type=\"widget\" data-widget_type=\"html.default\">\n\t\t\t\t<div class=\"elementor-widget-container\">\n\t\t\t<table class=\"differenziata\">\n  <tr class=\"title\"><td colspan=\"2\">TAPPO<\/td><\/tr>\n  <tr><td>VERSCHLUSS<\/td><td class=\"valori\">Kork<\/td><\/tr>\n<\/table>\t\t<\/div>\n\t\t\t\t<\/div>\n\t\t\t\t<div class=\"elementor-element elementor-element-11b9fd80 elementor-widget elementor-widget-html\" data-id=\"11b9fd80\" data-element_type=\"widget\" data-widget_type=\"html.default\">\n\t\t\t\t<div class=\"elementor-widget-container\">\n\t\t\t<table class=\"differenziata\">\n <tr class=\"title\"><td colspan=\"2\">DICHTUNG<\/td><\/tr>\n <tr><td>C\/PVC 90<\/td><td class=\"valori\">PVC\/Alluminium<\/td><\/tr>\n<\/table>\t\t<\/div>\n\t\t\t\t<\/div>\n\t\t\t\t<\/div>\n\t\t\t\t\t<\/div>\n\t\t\t\t<\/div>\n\t\t<div class=\"elementor-element elementor-element-becb3a1 e-flex e-con-boxed e-con e-parent\" data-id=\"becb3a1\" data-element_type=\"container\" data-settings=\"{&quot;content_width&quot;:&quot;boxed&quot;}\" data-core-v316-plus=\"true\">\n\t\t\t\t\t<div class=\"e-con-inner\">\n\t\t\t\t<div class=\"elementor-element elementor-element-811baa9 elementor-widget elementor-widget-heading\" data-id=\"811baa9\" data-element_type=\"widget\" data-widget_type=\"heading.default\">\n\t\t\t\t<div class=\"elementor-widget-container\">\n\t\t\t<p class=\"elementor-heading-title elementor-size-default\">Bitte beachten Sie die von der Gemeindeverwaltung aufgestellten Richtlinien<\/p>\t\t<\/div>\n\t\t\t\t<\/div>\n\t\t\t\t\t<\/div>\n\t\t\t\t<\/div>\n\t\t\t\t<\/div>\n\t\t","protected":false},"excerpt":{"rendered":"<p>Valpolicella ripasso classico superiore doc Biologisch N\u00e4hrwertangaben pro 100 ml N\u00e4hrwertangaben pro 100 ml Energie (kJ\/kcal) 349\/84 Fett (g)davon ges\u00e4ttigte Fetts\u00e4uren (g) 00 Kohlenhydrate (g)davon Zucker 1,10,6 Eiwei\u00df (g) 0 Salz (g) 0 ZUTATEN:Trauben biologisch, konzentrierter Traubenmost, Konservierungs- und Antioxidationsmittel: Schwefeldioxid In Schutzatmosph\u00e4re abgef\u00fcllt Anweisungen f\u00fcr die Sammlung Anweisungen f\u00fcr die Sammlung FLASCHE GL71 Glas [&hellip;]<\/p>\n","protected":false},"author":1,"featured_media":0,"parent":0,"menu_order":0,"comment_status":"closed","ping_status":"closed","template":"","meta":{"footnotes":""},"class_list":["post-2015","page","type-page","status-publish","hentry"],"_links":{"self":[{"href":"https:\/\/winetechscan.it\/de\/wp-json\/wp\/v2\/pages\/2015","targetHints":{"allow":["GET"]}}],"collection":[{"href":"https:\/\/winetechscan.it\/de\/wp-json\/wp\/v2\/pages"}],"about":[{"href":"https:\/\/winetechscan.it\/de\/wp-json\/wp\/v2\/types\/page"}],"author":[{"embeddable":true,"href":"https:\/\/winetechscan.it\/de\/wp-json\/wp\/v2\/users\/1"}],"replies":[{"embeddable":true,"href":"https:\/\/winetechscan.it\/de\/wp-json\/wp\/v2\/comments?post=2015"}],"version-history":[{"count":5,"href":"https:\/\/winetechscan.it\/de\/wp-json\/wp\/v2\/pages\/2015\/revisions"}],"predecessor-version":[{"id":2057,"href":"https:\/\/winetechscan.it\/de\/wp-json\/wp\/v2\/pages\/2015\/revisions\/2057"}],"wp:attachment":[{"href":"https:\/\/winetechscan.it\/de\/wp-json\/wp\/v2\/media?parent=2015"}],"curies":[{"name":"wp","href":"https:\/\/api.w.org\/{rel}","templated":true}]}}