{"id":463,"date":"2024-01-30T14:35:05","date_gmt":"2024-01-30T14:35:05","guid":{"rendered":"https:\/\/winetechscan.it\/vino-bianco-italia\/"},"modified":"2025-06-12T10:30:05","modified_gmt":"2025-06-12T10:30:05","slug":"vino-bianco-italia","status":"publish","type":"page","link":"https:\/\/winetechscan.it\/de\/vino-bianco-italia\/","title":{"rendered":"Vino bianco Italia"},"content":{"rendered":"\t\t<div data-elementor-type=\"wp-page\" data-elementor-id=\"463\" class=\"elementor elementor-463\">\n\t\t\t\t<div class=\"elementor-element elementor-element-1b1b009 e-flex e-con-boxed e-con e-parent\" data-id=\"1b1b009\" data-element_type=\"container\" data-settings=\"{&quot;content_width&quot;:&quot;boxed&quot;}\" data-core-v316-plus=\"true\">\n\t\t\t\t\t<div class=\"e-con-inner\">\n\t\t\t\t<div class=\"elementor-element elementor-element-ef24eef elementor-widget elementor-widget-heading\" data-id=\"ef24eef\" data-element_type=\"widget\" data-widget_type=\"heading.default\">\n\t\t\t\t<div class=\"elementor-widget-container\">\n\t\t\t<style>\/*! elementor - v3.19.0 - 29-01-2024 *\/\n.elementor-heading-title{padding:0;margin:0;line-height:1}.elementor-widget-heading .elementor-heading-title[class*=elementor-size-]>a{color:inherit;font-size:inherit;line-height:inherit}.elementor-widget-heading .elementor-heading-title.elementor-size-small{font-size:15px}.elementor-widget-heading .elementor-heading-title.elementor-size-medium{font-size:19px}.elementor-widget-heading .elementor-heading-title.elementor-size-large{font-size:29px}.elementor-widget-heading .elementor-heading-title.elementor-size-xl{font-size:39px}.elementor-widget-heading .elementor-heading-title.elementor-size-xxl{font-size:59px}<\/style><h1 class=\"elementor-heading-title elementor-size-default\">Vino bianco Italia<\/h1>\t\t<\/div>\n\t\t\t\t<\/div>\n\t\t\t\t\t<\/div>\n\t\t\t\t<\/div>\n\t\t<div class=\"elementor-element elementor-element-2e218227 e-flex e-con-boxed e-con e-parent\" data-id=\"2e218227\" data-element_type=\"container\" data-settings=\"{&quot;content_width&quot;:&quot;boxed&quot;}\" data-core-v316-plus=\"true\">\n\t\t\t\t\t<div class=\"e-con-inner\">\n\t\t<div class=\"elementor-element elementor-element-5d6ee4fd e-con-full e-flex e-con e-child\" data-id=\"5d6ee4fd\" data-element_type=\"container\" data-settings=\"{&quot;content_width&quot;:&quot;full&quot;}\">\n\t\t\t\t<div class=\"elementor-element elementor-element-1db5ebb7 elementor-hidden-mobile elementor-widget elementor-widget-heading\" data-id=\"1db5ebb7\" data-element_type=\"widget\" data-widget_type=\"heading.default\">\n\t\t\t\t<div class=\"elementor-widget-container\">\n\t\t\t<h2 class=\"elementor-heading-title elementor-size-default\">N\u00e4hrwertangaben pro 100ml<\/h2>\t\t<\/div>\n\t\t\t\t<\/div>\n\t\t\t\t<div class=\"elementor-element elementor-element-451a98e4 elementor-hidden-desktop elementor-hidden-tablet elementor-widget elementor-widget-heading\" data-id=\"451a98e4\" data-element_type=\"widget\" data-widget_type=\"heading.default\">\n\t\t\t\t<div class=\"elementor-widget-container\">\n\t\t\t<h2 class=\"elementor-heading-title elementor-size-default\">N\u00e4hrwertangaben <br>pro 100ml\n<\/h2>\t\t<\/div>\n\t\t\t\t<\/div>\n\t\t\t\t<div class=\"elementor-element elementor-element-2715a961 elementor-widget elementor-widget-html\" data-id=\"2715a961\" data-element_type=\"widget\" data-widget_type=\"html.default\">\n\t\t\t\t<div class=\"elementor-widget-container\">\n\t\t\t<table>\n    <tr><td>Energie (kj\/kcal)\n<\/td><td class=\"valori\">310\/75<\/td><\/tr>\n    <tr><td>Fett (g) <br> davon ges\u00e4ttigte Fetts\u00e4uren (g)\n<\/td><td class=\"valori\">0<br>0<\/td><\/tr>\n    <tr><td>Kohlenhydrate (g)\n<br>davon Zucker<\/td><td class=\"valori\">1,3<br>0,6<\/td><\/tr>\n    <tr><td>Protein (g)\n<\/td><td class=\"valori\">0 <\/td><\/tr>\n    <tr><td>Salz (g)\n <\/td><td class=\"valori\">0 <\/td><\/tr>\n<\/table>\t\t<\/div>\n\t\t\t\t<\/div>\n\t\t\t\t<div class=\"elementor-element elementor-element-b4638d5 elementor-widget elementor-widget-text-editor\" data-id=\"b4638d5\" data-element_type=\"widget\" data-widget_type=\"text-editor.default\">\n\t\t\t\t<div class=\"elementor-widget-container\">\n\t\t\t<style>\/*! elementor - v3.19.0 - 29-01-2024 *\/\n.elementor-widget-text-editor.elementor-drop-cap-view-stacked .elementor-drop-cap{background-color:#69727d;color:#fff}.elementor-widget-text-editor.elementor-drop-cap-view-framed .elementor-drop-cap{color:#69727d;border:3px solid;background-color:transparent}.elementor-widget-text-editor:not(.elementor-drop-cap-view-default) .elementor-drop-cap{margin-top:8px}.elementor-widget-text-editor:not(.elementor-drop-cap-view-default) .elementor-drop-cap-letter{width:1em;height:1em}.elementor-widget-text-editor .elementor-drop-cap{float:left;text-align:center;line-height:1;font-size:50px}.elementor-widget-text-editor .elementor-drop-cap-letter{display:inline-block}<\/style>\t\t\t\t<p>ZUTATEN:<br \/>Trauben, konzentrierter Traubenmost, Konservierungsmittel und Antioxidationsmittel: <strong>Schwefeldioxid<\/strong><\/p><p>Abgef\u00fcllt unter Schutzatmosph\u00e4re<\/p>\t\t\t\t\t\t<\/div>\n\t\t\t\t<\/div>\n\t\t\t\t<\/div>\n\t\t<div class=\"elementor-element elementor-element-3a8b877c e-con-full e-flex e-con e-child\" data-id=\"3a8b877c\" data-element_type=\"container\" data-settings=\"{&quot;content_width&quot;:&quot;full&quot;}\">\n\t\t\t\t<div class=\"elementor-element elementor-element-a8fcb1b elementor-hidden-mobile elementor-widget elementor-widget-heading\" data-id=\"a8fcb1b\" data-element_type=\"widget\" data-widget_type=\"heading.default\">\n\t\t\t\t<div class=\"elementor-widget-container\">\n\t\t\t<h2 class=\"elementor-heading-title elementor-size-default\">Anleitungen f\u00fcr\nM\u00fcllsortierung<\/h2>\t\t<\/div>\n\t\t\t\t<\/div>\n\t\t\t\t<div class=\"elementor-element elementor-element-7616267b elementor-hidden-desktop elementor-hidden-tablet elementor-widget elementor-widget-heading\" data-id=\"7616267b\" data-element_type=\"widget\" data-widget_type=\"heading.default\">\n\t\t\t\t<div class=\"elementor-widget-container\">\n\t\t\t<h2 class=\"elementor-heading-title elementor-size-default\">Anleitungen f\u00fcr <br>\nM\u00fcllsortierung<\/h2>\t\t<\/div>\n\t\t\t\t<\/div>\n\t\t\t\t<div class=\"elementor-element elementor-element-d80e1f8 elementor-widget elementor-widget-html\" data-id=\"d80e1f8\" data-element_type=\"widget\" data-widget_type=\"html.default\">\n\t\t\t\t<div class=\"elementor-widget-container\">\n\t\t\t<table class=\"differenziata\">\n <tr class=\"title\"><td colspan=\"2\">FLASCHE<\/td><\/tr>\n <tr><td>GL71<\/td><td class=\"valori\">Glas<\/td><\/tr>\n<\/table>\t\t<\/div>\n\t\t\t\t<\/div>\n\t\t\t\t<div class=\"elementor-element elementor-element-56570872 elementor-widget elementor-widget-html\" data-id=\"56570872\" data-element_type=\"widget\" data-widget_type=\"html.default\">\n\t\t\t\t<div class=\"elementor-widget-container\">\n\t\t\t<table class=\"differenziata\">\n  <tr class=\"title\"><td colspan=\"2\">KORK<\/td><\/tr>\n  <tr><td>FOR51<\/td><td class=\"valori\">Korken<\/td><\/tr>\n<\/table>\t\t<\/div>\n\t\t\t\t<\/div>\n\t\t\t\t<div class=\"elementor-element elementor-element-2e7b74a6 elementor-widget elementor-widget-html\" data-id=\"2e7b74a6\" data-element_type=\"widget\" data-widget_type=\"html.default\">\n\t\t\t\t<div class=\"elementor-widget-container\">\n\t\t\t<table class=\"differenziata\">\n <tr class=\"title\"><td colspan=\"2\">KAPSEL<\/td><\/tr>\n <tr><td>C\/PVC 90<\/td><td class=\"valori\">PVC\/Aluminium\n<\/td><\/tr>\n<\/table>\t\t<\/div>\n\t\t\t\t<\/div>\n\t\t\t\t<\/div>\n\t\t\t\t\t<\/div>\n\t\t\t\t<\/div>\n\t\t<div class=\"elementor-element elementor-element-05206e8 e-flex e-con-boxed e-con e-parent\" data-id=\"05206e8\" data-element_type=\"container\" data-settings=\"{&quot;content_width&quot;:&quot;boxed&quot;}\" data-core-v316-plus=\"true\">\n\t\t\t\t\t<div class=\"e-con-inner\">\n\t\t\t\t<div class=\"elementor-element elementor-element-4ae3a22 elementor-widget elementor-widget-heading\" data-id=\"4ae3a22\" data-element_type=\"widget\" data-widget_type=\"heading.default\">\n\t\t\t\t<div class=\"elementor-widget-container\">\n\t\t\t<p class=\"elementor-heading-title elementor-size-default\">Beachten Sie die Hinweise Ihrer Wohngemeinde\n<\/p>\t\t<\/div>\n\t\t\t\t<\/div>\n\t\t\t\t\t<\/div>\n\t\t\t\t<\/div>\n\t\t\t\t<\/div>\n\t\t","protected":false},"excerpt":{"rendered":"<p>Vino bianco Italia N\u00e4hrwertangaben pro 100ml N\u00e4hrwertangaben pro 100ml Energie (kj\/kcal) 310\/75 Fett (g) davon ges\u00e4ttigte Fetts\u00e4uren (g) 00 Kohlenhydrate (g) davon Zucker 1,30,6 Protein (g) 0 Salz (g) 0 ZUTATEN:Trauben, konzentrierter Traubenmost, Konservierungsmittel und Antioxidationsmittel: Schwefeldioxid Abgef\u00fcllt unter Schutzatmosph\u00e4re Anleitungen f\u00fcr M\u00fcllsortierung Anleitungen f\u00fcr M\u00fcllsortierung FLASCHE GL71 Glas KORK FOR51 Korken KAPSEL C\/PVC 90 [&hellip;]<\/p>\n","protected":false},"author":1,"featured_media":0,"parent":0,"menu_order":0,"comment_status":"closed","ping_status":"closed","template":"","meta":{"footnotes":""},"class_list":["post-463","page","type-page","status-publish","hentry"],"_links":{"self":[{"href":"https:\/\/winetechscan.it\/de\/wp-json\/wp\/v2\/pages\/463","targetHints":{"allow":["GET"]}}],"collection":[{"href":"https:\/\/winetechscan.it\/de\/wp-json\/wp\/v2\/pages"}],"about":[{"href":"https:\/\/winetechscan.it\/de\/wp-json\/wp\/v2\/types\/page"}],"author":[{"embeddable":true,"href":"https:\/\/winetechscan.it\/de\/wp-json\/wp\/v2\/users\/1"}],"replies":[{"embeddable":true,"href":"https:\/\/winetechscan.it\/de\/wp-json\/wp\/v2\/comments?post=463"}],"version-history":[{"count":4,"href":"https:\/\/winetechscan.it\/de\/wp-json\/wp\/v2\/pages\/463\/revisions"}],"predecessor-version":[{"id":469,"href":"https:\/\/winetechscan.it\/de\/wp-json\/wp\/v2\/pages\/463\/revisions\/469"}],"wp:attachment":[{"href":"https:\/\/winetechscan.it\/de\/wp-json\/wp\/v2\/media?parent=463"}],"curies":[{"name":"wp","href":"https:\/\/api.w.org\/{rel}","templated":true}]}}