{"id":516,"date":"2024-01-30T14:37:07","date_gmt":"2024-01-30T14:37:07","guid":{"rendered":"https:\/\/winetechscan.it\/amarone-della-valpolicella-classico-docg\/"},"modified":"2025-06-12T07:53:51","modified_gmt":"2025-06-12T07:53:51","slug":"amarone-della-valpolicella-classico-docg","status":"publish","type":"page","link":"https:\/\/winetechscan.it\/de\/amarone-della-valpolicella-classico-docg\/","title":{"rendered":"Amarone della Valpolicella Classico docg"},"content":{"rendered":"\t\t<div data-elementor-type=\"wp-page\" data-elementor-id=\"516\" class=\"elementor elementor-516\">\n\t\t\t\t<div class=\"elementor-element elementor-element-d764056 e-flex e-con-boxed e-con e-parent\" data-id=\"d764056\" data-element_type=\"container\" data-settings=\"{&quot;content_width&quot;:&quot;boxed&quot;}\" data-core-v316-plus=\"true\">\n\t\t\t\t\t<div class=\"e-con-inner\">\n\t\t\t\t<div class=\"elementor-element elementor-element-2112dc9 elementor-widget elementor-widget-heading\" data-id=\"2112dc9\" data-element_type=\"widget\" data-widget_type=\"heading.default\">\n\t\t\t\t<div class=\"elementor-widget-container\">\n\t\t\t<style>\/*! elementor - v3.19.0 - 29-01-2024 *\/\n.elementor-heading-title{padding:0;margin:0;line-height:1}.elementor-widget-heading .elementor-heading-title[class*=elementor-size-]>a{color:inherit;font-size:inherit;line-height:inherit}.elementor-widget-heading .elementor-heading-title.elementor-size-small{font-size:15px}.elementor-widget-heading .elementor-heading-title.elementor-size-medium{font-size:19px}.elementor-widget-heading .elementor-heading-title.elementor-size-large{font-size:29px}.elementor-widget-heading .elementor-heading-title.elementor-size-xl{font-size:39px}.elementor-widget-heading .elementor-heading-title.elementor-size-xxl{font-size:59px}<\/style><h1 class=\"elementor-heading-title elementor-size-default\">Amarone della Valpolicella Classico docg\n<\/h1>\t\t<\/div>\n\t\t\t\t<\/div>\n\t\t\t\t\t<\/div>\n\t\t\t\t<\/div>\n\t\t<div class=\"elementor-element elementor-element-2cf757b4 e-flex e-con-boxed e-con e-parent\" data-id=\"2cf757b4\" data-element_type=\"container\" data-settings=\"{&quot;content_width&quot;:&quot;boxed&quot;}\" data-core-v316-plus=\"true\">\n\t\t\t\t\t<div class=\"e-con-inner\">\n\t\t<div class=\"elementor-element elementor-element-8ba479c e-con-full e-flex e-con e-child\" data-id=\"8ba479c\" data-element_type=\"container\" data-settings=\"{&quot;content_width&quot;:&quot;full&quot;}\">\n\t\t\t\t<div class=\"elementor-element elementor-element-1c22020 elementor-hidden-mobile elementor-widget elementor-widget-heading\" data-id=\"1c22020\" data-element_type=\"widget\" data-widget_type=\"heading.default\">\n\t\t\t\t<div class=\"elementor-widget-container\">\n\t\t\t<h2 class=\"elementor-heading-title elementor-size-default\">N\u00e4hrwertangaben pro 100 ml<\/h2>\t\t<\/div>\n\t\t\t\t<\/div>\n\t\t\t\t<div class=\"elementor-element elementor-element-ee1c413 elementor-hidden-desktop elementor-hidden-tablet elementor-widget elementor-widget-heading\" data-id=\"ee1c413\" data-element_type=\"widget\" data-widget_type=\"heading.default\">\n\t\t\t\t<div class=\"elementor-widget-container\">\n\t\t\t<h2 class=\"elementor-heading-title elementor-size-default\">N\u00e4hrwertangaben <br> pro 100 ml<\/h2>\t\t<\/div>\n\t\t\t\t<\/div>\n\t\t\t\t<div class=\"elementor-element elementor-element-1222724f elementor-widget elementor-widget-html\" data-id=\"1222724f\" data-element_type=\"widget\" data-widget_type=\"html.default\">\n\t\t\t\t<div class=\"elementor-widget-container\">\n\t\t\t<table>\n    <tr><td>Brennwert (kJ\/kcal)<\/td><td class=\"valori\">381\/92<\/td><\/tr>\n    <tr><td>Gesamtfett (g)<br>davon ges\u00e4ttigte Fetts\u00e4uren (g)<\/td><td class=\"valori\">0<br>0<\/td><\/tr>\n    <tr><td>Gesamtkohlenhydrate (g)<br>davon Zucker<\/td><td class=\"valori\">1,4<br>0,7<\/td><\/tr>\n    <tr><td>Eiwei\u00df (g)<\/td><td class=\"valori\">0<\/td><\/tr>\n    <tr><td>Salz (g)<\/td><td class=\"valori\">0<\/td><\/tr>\n<\/table>\n\t\t<\/div>\n\t\t\t\t<\/div>\n\t\t\t\t<div class=\"elementor-element elementor-element-3d2be18 elementor-widget elementor-widget-text-editor\" data-id=\"3d2be18\" data-element_type=\"widget\" data-widget_type=\"text-editor.default\">\n\t\t\t\t<div class=\"elementor-widget-container\">\n\t\t\t<style>\/*! elementor - v3.19.0 - 29-01-2024 *\/\n.elementor-widget-text-editor.elementor-drop-cap-view-stacked .elementor-drop-cap{background-color:#69727d;color:#fff}.elementor-widget-text-editor.elementor-drop-cap-view-framed .elementor-drop-cap{color:#69727d;border:3px solid;background-color:transparent}.elementor-widget-text-editor:not(.elementor-drop-cap-view-default) .elementor-drop-cap{margin-top:8px}.elementor-widget-text-editor:not(.elementor-drop-cap-view-default) .elementor-drop-cap-letter{width:1em;height:1em}.elementor-widget-text-editor .elementor-drop-cap{float:left;text-align:center;line-height:1;font-size:50px}.elementor-widget-text-editor .elementor-drop-cap-letter{display:inline-block}<\/style>\t\t\t\t<p>ZUTATEN:<\/p><p>Weintrauben, Konservierungsmittel und Antioxidantien (Schwefeldioxid).<\/p><p>Unter Schutzatmosph\u00e4re abgef\u00fcllt.<\/p><p>Anweisungen f\u00fcr die Sammlung<\/p>\t\t\t\t\t\t<\/div>\n\t\t\t\t<\/div>\n\t\t\t\t<\/div>\n\t\t<div class=\"elementor-element elementor-element-151cd9a2 e-con-full e-flex e-con e-child\" data-id=\"151cd9a2\" data-element_type=\"container\" data-settings=\"{&quot;content_width&quot;:&quot;full&quot;}\">\n\t\t\t\t<div class=\"elementor-element elementor-element-1bf3d75f elementor-hidden-mobile elementor-widget elementor-widget-heading\" data-id=\"1bf3d75f\" data-element_type=\"widget\" data-widget_type=\"heading.default\">\n\t\t\t\t<div class=\"elementor-widget-container\">\n\t\t\t<h2 class=\"elementor-heading-title elementor-size-default\">Anweisungen f\u00fcr \ndie Sammlung <\/h2>\t\t<\/div>\n\t\t\t\t<\/div>\n\t\t\t\t<div class=\"elementor-element elementor-element-8847a99 elementor-hidden-desktop elementor-hidden-tablet elementor-widget elementor-widget-heading\" data-id=\"8847a99\" data-element_type=\"widget\" data-widget_type=\"heading.default\">\n\t\t\t\t<div class=\"elementor-widget-container\">\n\t\t\t<h2 class=\"elementor-heading-title elementor-size-default\">Anweisungen f\u00fcr  <br>\ndie Sammlung<\/h2>\t\t<\/div>\n\t\t\t\t<\/div>\n\t\t\t\t<div class=\"elementor-element elementor-element-2e5f62e5 elementor-widget elementor-widget-html\" data-id=\"2e5f62e5\" data-element_type=\"widget\" data-widget_type=\"html.default\">\n\t\t\t\t<div class=\"elementor-widget-container\">\n\t\t\t<table class=\"differenziata\">\n <tr class=\"title\"><td colspan=\"2\">FLASCHE<\/td><\/tr>\n <tr><td>GL71<\/td><td class=\"valori\">Glas<\/td><\/tr>\n<\/table>\n\n\t\t<\/div>\n\t\t\t\t<\/div>\n\t\t\t\t<div class=\"elementor-element elementor-element-7e99e50a elementor-widget elementor-widget-html\" data-id=\"7e99e50a\" data-element_type=\"widget\" data-widget_type=\"html.default\">\n\t\t\t\t<div class=\"elementor-widget-container\">\n\t\t\t<table class=\"differenziata\">\n <tr class=\"title\"><td colspan=\"2\">VERSCHLUSS<\/td><\/tr>\n <tr><td>FOR51<\/td><td class=\"valori\">Kork<\/td><\/tr>\n<\/table>\n\n\t\t<\/div>\n\t\t\t\t<\/div>\n\t\t\t\t<div class=\"elementor-element elementor-element-779fd3c6 elementor-widget elementor-widget-html\" data-id=\"779fd3c6\" data-element_type=\"widget\" data-widget_type=\"html.default\">\n\t\t\t\t<div class=\"elementor-widget-container\">\n\t\t\t\n<table class=\"differenziata\">\n <tr class=\"title\"><td colspan=\"2\">DICHTUNG<\/td><\/tr>\n <tr><td>C\/PVC 90<\/td><td class=\"valori\">pvc\/Aluminium<\/td><\/tr>\n<\/table>\n\n\t\t<\/div>\n\t\t\t\t<\/div>\n\t\t\t\t<\/div>\n\t\t\t\t\t<\/div>\n\t\t\t\t<\/div>\n\t\t<div class=\"elementor-element elementor-element-3363c2e e-flex e-con-boxed e-con e-parent\" data-id=\"3363c2e\" data-element_type=\"container\" data-settings=\"{&quot;content_width&quot;:&quot;boxed&quot;}\" data-core-v316-plus=\"true\">\n\t\t\t\t\t<div class=\"e-con-inner\">\n\t\t\t\t<div class=\"elementor-element elementor-element-fca313b elementor-widget elementor-widget-heading\" data-id=\"fca313b\" data-element_type=\"widget\" data-widget_type=\"heading.default\">\n\t\t\t\t<div class=\"elementor-widget-container\">\n\t\t\t<p class=\"elementor-heading-title elementor-size-default\">Bitte beachten Sie die von der Gemeindeverwaltung aufgestellten Richtlinien.<\/p>\t\t<\/div>\n\t\t\t\t<\/div>\n\t\t\t\t\t<\/div>\n\t\t\t\t<\/div>\n\t\t\t\t<\/div>\n\t\t","protected":false},"excerpt":{"rendered":"<p>Amarone della Valpolicella Classico docg N\u00e4hrwertangaben pro 100 ml N\u00e4hrwertangaben pro 100 ml Brennwert (kJ\/kcal) 381\/92 Gesamtfett (g)davon ges\u00e4ttigte Fetts\u00e4uren (g) 00 Gesamtkohlenhydrate (g)davon Zucker 1,40,7 Eiwei\u00df (g) 0 Salz (g) 0 ZUTATEN: Weintrauben, Konservierungsmittel und Antioxidantien (Schwefeldioxid). Unter Schutzatmosph\u00e4re abgef\u00fcllt. Anweisungen f\u00fcr die Sammlung Anweisungen f\u00fcr die Sammlung Anweisungen f\u00fcr die Sammlung FLASCHE GL71 [&hellip;]<\/p>\n","protected":false},"author":1,"featured_media":0,"parent":0,"menu_order":0,"comment_status":"closed","ping_status":"closed","template":"","meta":{"footnotes":""},"class_list":["post-516","page","type-page","status-publish","hentry"],"_links":{"self":[{"href":"https:\/\/winetechscan.it\/de\/wp-json\/wp\/v2\/pages\/516","targetHints":{"allow":["GET"]}}],"collection":[{"href":"https:\/\/winetechscan.it\/de\/wp-json\/wp\/v2\/pages"}],"about":[{"href":"https:\/\/winetechscan.it\/de\/wp-json\/wp\/v2\/types\/page"}],"author":[{"embeddable":true,"href":"https:\/\/winetechscan.it\/de\/wp-json\/wp\/v2\/users\/1"}],"replies":[{"embeddable":true,"href":"https:\/\/winetechscan.it\/de\/wp-json\/wp\/v2\/comments?post=516"}],"version-history":[{"count":4,"href":"https:\/\/winetechscan.it\/de\/wp-json\/wp\/v2\/pages\/516\/revisions"}],"predecessor-version":[{"id":897,"href":"https:\/\/winetechscan.it\/de\/wp-json\/wp\/v2\/pages\/516\/revisions\/897"}],"wp:attachment":[{"href":"https:\/\/winetechscan.it\/de\/wp-json\/wp\/v2\/media?parent=516"}],"curies":[{"name":"wp","href":"https:\/\/api.w.org\/{rel}","templated":true}]}}