{"id":538,"date":"2024-01-30T14:34:36","date_gmt":"2024-01-30T14:34:36","guid":{"rendered":"https:\/\/winetechscan.it\/igt-rosso-veneto\/"},"modified":"2025-08-25T08:41:05","modified_gmt":"2025-08-25T08:41:05","slug":"igt-rosso-veneto","status":"publish","type":"page","link":"https:\/\/winetechscan.it\/de\/igt-rosso-veneto\/","title":{"rendered":"7 &#8211; IGT Rosso Veneto"},"content":{"rendered":"\t\t<div data-elementor-type=\"wp-page\" data-elementor-id=\"538\" class=\"elementor elementor-538\">\n\t\t\t\t<div class=\"elementor-element elementor-element-3a197a31 e-flex e-con-boxed e-con e-parent\" data-id=\"3a197a31\" data-element_type=\"container\" data-settings=\"{&quot;content_width&quot;:&quot;boxed&quot;}\" data-core-v316-plus=\"true\">\n\t\t\t\t\t<div class=\"e-con-inner\">\n\t\t\t\t<div class=\"elementor-element elementor-element-f0ce853 elementor-widget elementor-widget-heading\" data-id=\"f0ce853\" data-element_type=\"widget\" data-widget_type=\"heading.default\">\n\t\t\t\t<div class=\"elementor-widget-container\">\n\t\t\t<style>\/*! elementor - v3.19.0 - 29-01-2024 *\/\n.elementor-heading-title{padding:0;margin:0;line-height:1}.elementor-widget-heading .elementor-heading-title[class*=elementor-size-]>a{color:inherit;font-size:inherit;line-height:inherit}.elementor-widget-heading .elementor-heading-title.elementor-size-small{font-size:15px}.elementor-widget-heading .elementor-heading-title.elementor-size-medium{font-size:19px}.elementor-widget-heading .elementor-heading-title.elementor-size-large{font-size:29px}.elementor-widget-heading .elementor-heading-title.elementor-size-xl{font-size:39px}.elementor-widget-heading .elementor-heading-title.elementor-size-xxl{font-size:59px}<\/style><h1 class=\"elementor-heading-title elementor-size-default\">IGT Rosso Veneto<\/h1>\t\t<\/div>\n\t\t\t\t<\/div>\n\t\t\t\t\t<\/div>\n\t\t\t\t<\/div>\n\t\t<div class=\"elementor-element elementor-element-2a1ecf2b e-flex e-con-boxed e-con e-parent\" data-id=\"2a1ecf2b\" data-element_type=\"container\" data-settings=\"{&quot;content_width&quot;:&quot;boxed&quot;}\" data-core-v316-plus=\"true\">\n\t\t\t\t\t<div class=\"e-con-inner\">\n\t\t<div class=\"elementor-element elementor-element-3ed64537 e-con-full e-flex e-con e-child\" data-id=\"3ed64537\" data-element_type=\"container\" data-settings=\"{&quot;content_width&quot;:&quot;full&quot;}\">\n\t\t\t\t<div class=\"elementor-element elementor-element-11974967 elementor-hidden-mobile elementor-widget elementor-widget-heading\" data-id=\"11974967\" data-element_type=\"widget\" data-widget_type=\"heading.default\">\n\t\t\t\t<div class=\"elementor-widget-container\">\n\t\t\t<h2 class=\"elementor-heading-title elementor-size-default\">N\u00e4hrwertangaben pro 100 ml<\/h2>\t\t<\/div>\n\t\t\t\t<\/div>\n\t\t\t\t<div class=\"elementor-element elementor-element-2c26dc6 elementor-hidden-desktop elementor-hidden-tablet elementor-widget elementor-widget-heading\" data-id=\"2c26dc6\" data-element_type=\"widget\" data-widget_type=\"heading.default\">\n\t\t\t\t<div class=\"elementor-widget-container\">\n\t\t\t<h2 class=\"elementor-heading-title elementor-size-default\">N\u00e4hrwertangaben pro 100 ml<\/h2>\t\t<\/div>\n\t\t\t\t<\/div>\n\t\t\t\t<div class=\"elementor-element elementor-element-29f6a907 elementor-widget elementor-widget-html\" data-id=\"29f6a907\" data-element_type=\"widget\" data-widget_type=\"html.default\">\n\t\t\t\t<div class=\"elementor-widget-container\">\n\t\t\t<table>\n    <tr><td>Brennwert (kJ\/kcal)<\/td><td class=\"valori\">338\/81<\/td><\/tr>\n    <tr><td>Gesamtfett (g)<br>davon ges\u00e4ttigte Fetts\u00e4uren (g)<\/td><td class=\"valori\">0<br>0<\/td><\/tr>\n    <tr><td>Gesamtkohlenhydrate (g)<br>davon Zucker<\/td><td class=\"valori\">1,7<br>1,1<\/td><\/tr>\n    <tr><td>Eiwei\u00df (g)<\/td><td class=\"valori\">0 <\/td><\/tr>\n    <tr><td>Salz (g)<\/td><td class=\"valori\">0 <\/td><\/tr>\n<\/table>\t\t<\/div>\n\t\t\t\t<\/div>\n\t\t\t\t<div class=\"elementor-element elementor-element-1cf880ee elementor-widget elementor-widget-text-editor\" data-id=\"1cf880ee\" data-element_type=\"widget\" data-widget_type=\"text-editor.default\">\n\t\t\t\t<div class=\"elementor-widget-container\">\n\t\t\t<style>\/*! elementor - v3.19.0 - 29-01-2024 *\/\n.elementor-widget-text-editor.elementor-drop-cap-view-stacked .elementor-drop-cap{background-color:#69727d;color:#fff}.elementor-widget-text-editor.elementor-drop-cap-view-framed .elementor-drop-cap{color:#69727d;border:3px solid;background-color:transparent}.elementor-widget-text-editor:not(.elementor-drop-cap-view-default) .elementor-drop-cap{margin-top:8px}.elementor-widget-text-editor:not(.elementor-drop-cap-view-default) .elementor-drop-cap-letter{width:1em;height:1em}.elementor-widget-text-editor .elementor-drop-cap{float:left;text-align:center;line-height:1;font-size:50px}.elementor-widget-text-editor .elementor-drop-cap-letter{display:inline-block}<\/style>\t\t\t\t<p>ZUTATEN: <br \/>Trauben, konzentrierter Traubenmost, Konservierungsstoffe und Antioxidantien (<strong>Schwefeldioxid<\/strong>).<\/p><p>Unter Schutzatmosph\u00e4re abgef\u00fcllt<\/p>\t\t\t\t\t\t<\/div>\n\t\t\t\t<\/div>\n\t\t\t\t<\/div>\n\t\t<div class=\"elementor-element elementor-element-37a1767b e-con-full e-flex e-con e-child\" data-id=\"37a1767b\" data-element_type=\"container\" data-settings=\"{&quot;content_width&quot;:&quot;full&quot;}\">\n\t\t\t\t<div class=\"elementor-element elementor-element-682d2eed elementor-hidden-mobile elementor-widget elementor-widget-heading\" data-id=\"682d2eed\" data-element_type=\"widget\" data-widget_type=\"heading.default\">\n\t\t\t\t<div class=\"elementor-widget-container\">\n\t\t\t<h2 class=\"elementor-heading-title elementor-size-default\">Anweisungen f\u00fcr die Sammlung<\/h2>\t\t<\/div>\n\t\t\t\t<\/div>\n\t\t\t\t<div class=\"elementor-element elementor-element-215c6a11 elementor-hidden-desktop elementor-hidden-tablet elementor-widget elementor-widget-heading\" data-id=\"215c6a11\" data-element_type=\"widget\" data-widget_type=\"heading.default\">\n\t\t\t\t<div class=\"elementor-widget-container\">\n\t\t\t<h2 class=\"elementor-heading-title elementor-size-default\">Anweisungen f\u00fcr die Sammlung<\/h2>\t\t<\/div>\n\t\t\t\t<\/div>\n\t\t\t\t<div class=\"elementor-element elementor-element-1b395ea3 elementor-widget elementor-widget-html\" data-id=\"1b395ea3\" data-element_type=\"widget\" data-widget_type=\"html.default\">\n\t\t\t\t<div class=\"elementor-widget-container\">\n\t\t\t<table class=\"differenziata\">\n <tr class=\"title\"><td colspan=\"2\">FLASCHE<\/td><\/tr>\n <tr><td>GL71<\/td><td class=\"valori\">Glas<\/td><\/tr>\n<\/table>\t\t<\/div>\n\t\t\t\t<\/div>\n\t\t\t\t<div class=\"elementor-element elementor-element-51bf6651 elementor-widget elementor-widget-html\" data-id=\"51bf6651\" data-element_type=\"widget\" data-widget_type=\"html.default\">\n\t\t\t\t<div class=\"elementor-widget-container\">\n\t\t\t<table class=\"differenziata\">\n <tr class=\"title\"><td colspan=\"2\">DICHTUNG <\/td><\/tr>\n <tr><td>C\/PVC 90<\/td><td class=\"valori\">pvc\/aluminium<\/td><\/tr>\n<\/table>\t\t<\/div>\n\t\t\t\t<\/div>\n\t\t\t\t<div class=\"elementor-element elementor-element-5f2fea50 elementor-widget elementor-widget-html\" data-id=\"5f2fea50\" data-element_type=\"widget\" data-widget_type=\"html.default\">\n\t\t\t\t<div class=\"elementor-widget-container\">\n\t\t\t<table class=\"differenziata\">\n  <tr class=\"title\"><td colspan=\"2\">VERSCHLUSS <\/td><\/tr>\n  <tr><td>FOR51<\/td><td class=\"valori\">Kork<\/td><\/tr>\n<\/table>\t\t<\/div>\n\t\t\t\t<\/div>\n\t\t\t\t<\/div>\n\t\t\t\t\t<\/div>\n\t\t\t\t<\/div>\n\t\t<div class=\"elementor-element elementor-element-e848359 e-flex e-con-boxed e-con e-parent\" data-id=\"e848359\" data-element_type=\"container\" data-settings=\"{&quot;content_width&quot;:&quot;boxed&quot;}\" data-core-v316-plus=\"true\">\n\t\t\t\t\t<div class=\"e-con-inner\">\n\t\t\t\t<div class=\"elementor-element elementor-element-2ba007c elementor-widget elementor-widget-heading\" data-id=\"2ba007c\" data-element_type=\"widget\" data-widget_type=\"heading.default\">\n\t\t\t\t<div class=\"elementor-widget-container\">\n\t\t\t<p class=\"elementor-heading-title elementor-size-default\">Bitte beachten Sie die von der Gemeindeverwaltung aufgestellten Richtlinien<\/p>\t\t<\/div>\n\t\t\t\t<\/div>\n\t\t\t\t\t<\/div>\n\t\t\t\t<\/div>\n\t\t\t\t<\/div>\n\t\t","protected":false},"excerpt":{"rendered":"<p>IGT Rosso Veneto N\u00e4hrwertangaben pro 100 ml N\u00e4hrwertangaben pro 100 ml Brennwert (kJ\/kcal) 338\/81 Gesamtfett (g)davon ges\u00e4ttigte Fetts\u00e4uren (g) 00 Gesamtkohlenhydrate (g)davon Zucker 1,71,1 Eiwei\u00df (g) 0 Salz (g) 0 ZUTATEN: Trauben, konzentrierter Traubenmost, Konservierungsstoffe und Antioxidantien (Schwefeldioxid). Unter Schutzatmosph\u00e4re abgef\u00fcllt Anweisungen f\u00fcr die Sammlung Anweisungen f\u00fcr die Sammlung FLASCHE GL71 Glas DICHTUNG C\/PVC 90 [&hellip;]<\/p>\n","protected":false},"author":1,"featured_media":0,"parent":0,"menu_order":0,"comment_status":"closed","ping_status":"closed","template":"","meta":{"footnotes":""},"class_list":["post-538","page","type-page","status-publish","hentry"],"_links":{"self":[{"href":"https:\/\/winetechscan.it\/de\/wp-json\/wp\/v2\/pages\/538","targetHints":{"allow":["GET"]}}],"collection":[{"href":"https:\/\/winetechscan.it\/de\/wp-json\/wp\/v2\/pages"}],"about":[{"href":"https:\/\/winetechscan.it\/de\/wp-json\/wp\/v2\/types\/page"}],"author":[{"embeddable":true,"href":"https:\/\/winetechscan.it\/de\/wp-json\/wp\/v2\/users\/1"}],"replies":[{"embeddable":true,"href":"https:\/\/winetechscan.it\/de\/wp-json\/wp\/v2\/comments?post=538"}],"version-history":[{"count":11,"href":"https:\/\/winetechscan.it\/de\/wp-json\/wp\/v2\/pages\/538\/revisions"}],"predecessor-version":[{"id":1913,"href":"https:\/\/winetechscan.it\/de\/wp-json\/wp\/v2\/pages\/538\/revisions\/1913"}],"wp:attachment":[{"href":"https:\/\/winetechscan.it\/de\/wp-json\/wp\/v2\/media?parent=538"}],"curies":[{"name":"wp","href":"https:\/\/api.w.org\/{rel}","templated":true}]}}